{"id":2,"date":"2023-10-25T09:12:19","date_gmt":"2023-10-25T07:12:19","guid":{"rendered":"http:\/\/mat-mat.eu\/?page_id=2"},"modified":"2024-08-27T11:20:05","modified_gmt":"2024-08-27T09:20:05","slug":"home","status":"publish","type":"page","link":"https:\/\/mat-mat.eu\/","title":{"rendered":"Strona G\u0142\u00f3wna"},"content":{"rendered":"\t\t<div data-elementor-type=\"wp-page\" data-elementor-id=\"2\" class=\"elementor elementor-2\" data-elementor-post-type=\"page\">\n\t\t\t\t<div class=\"elementor-element elementor-element-6b87511 e-flex e-con-boxed e-con e-parent\" data-id=\"6b87511\" data-element_type=\"container\" data-e-type=\"container\" data-settings=\"{&quot;background_background&quot;:&quot;classic&quot;,&quot;shape_divider_bottom&quot;:&quot;opacity-tilt&quot;}\">\n\t\t\t\t\t<div class=\"e-con-inner\">\n\t\t\t\t<div class=\"elementor-shape elementor-shape-bottom\" aria-hidden=\"true\" data-negative=\"false\">\n\t\t\t<svg xmlns=\"http:\/\/www.w3.org\/2000\/svg\" viewBox=\"0 0 2600 131.1\" preserveAspectRatio=\"none\">\n\t<path class=\"elementor-shape-fill\" d=\"M0 0L2600 0 2600 69.1 0 0z\"\/>\n\t<path class=\"elementor-shape-fill\" style=\"opacity:0.5\" d=\"M0 0L2600 0 2600 69.1 0 69.1z\"\/>\n\t<path class=\"elementor-shape-fill\" style=\"opacity:0.25\" d=\"M2600 0L0 0 0 130.1 2600 69.1z\"\/>\n<\/svg>\t\t<\/div>\n\t\t<div class=\"elementor-element elementor-element-ca0409c e-con-full e-flex elementor-invisible e-con e-child\" data-id=\"ca0409c\" data-element_type=\"container\" data-e-type=\"container\" data-settings=\"{&quot;background_background&quot;:&quot;classic&quot;,&quot;animation&quot;:&quot;fadeInLeft&quot;}\">\n\t\t\t\t<div class=\"elementor-element elementor-element-1b5da6c elementor-widget elementor-widget-heading\" data-id=\"1b5da6c\" data-element_type=\"widget\" data-e-type=\"widget\" data-widget_type=\"heading.default\">\n\t\t\t\t<div class=\"elementor-widget-container\">\n\t\t\t\t\t<h2 class=\"elementor-heading-title elementor-size-default\">MAT-MAT Transport<\/h2>\t\t\t\t<\/div>\n\t\t\t\t<\/div>\n\t\t\t\t<div class=\"elementor-element elementor-element-85036ea elementor-widget elementor-widget-heading\" data-id=\"85036ea\" data-element_type=\"widget\" data-e-type=\"widget\" data-widget_type=\"heading.default\">\n\t\t\t\t<div class=\"elementor-widget-container\">\n\t\t\t\t\t<h2 class=\"elementor-heading-title elementor-size-default\">Twoje Towary - Nasza Misja<\/h2>\t\t\t\t<\/div>\n\t\t\t\t<\/div>\n\t\t\t\t<div class=\"elementor-element elementor-element-09d7ad7 elementor-mobile-align-center elementor-widget elementor-widget-button\" data-id=\"09d7ad7\" data-element_type=\"widget\" data-e-type=\"widget\" data-widget_type=\"button.default\">\n\t\t\t\t<div class=\"elementor-widget-container\">\n\t\t\t\t\t\t\t\t\t<div class=\"elementor-button-wrapper\">\n\t\t\t\t\t<a class=\"elementor-button elementor-button-link elementor-size-sm elementor-animation-grow\" href=\"mailto:biuro@mat-mat-eu.preview-domain.com\">\n\t\t\t\t\t\t<span class=\"elementor-button-content-wrapper\">\n\t\t\t\t\t\t\t\t\t<span class=\"elementor-button-text\">Popro\u015b o wycen\u0119<\/span>\n\t\t\t\t\t<\/span>\n\t\t\t\t\t<\/a>\n\t\t\t\t<\/div>\n\t\t\t\t\t\t\t\t<\/div>\n\t\t\t\t<\/div>\n\t\t\t\t<\/div>\n\t\t<div class=\"elementor-element elementor-element-16b0c16 e-con-full e-flex e-con e-child\" data-id=\"16b0c16\" data-element_type=\"container\" data-e-type=\"container\">\n\t\t\t\t<div class=\"elementor-element elementor-element-b46c99e elementor-widget elementor-widget-image\" data-id=\"b46c99e\" data-element_type=\"widget\" data-e-type=\"widget\" data-widget_type=\"image.default\">\n\t\t\t\t<div class=\"elementor-widget-container\">\n\t\t\t\t\t\t\t\t\t\t\t\t\t\t\t\t<a href=\"#o-nas\">\n\t\t\t\t\t\t\t<img decoding=\"async\" width=\"30\" height=\"89\" src=\"https:\/\/mat-mat.eu\/wp-content\/uploads\/2023\/10\/noun-scroll-down-54414-1.svg\" class=\"attachment-thumbnail size-thumbnail wp-image-60\" alt=\"\" \/>\t\t\t\t\t\t\t\t<\/a>\n\t\t\t\t\t\t\t\t\t\t\t\t\t\t\t<\/div>\n\t\t\t\t<\/div>\n\t\t\t\t<\/div>\n\t\t\t\t\t<\/div>\n\t\t\t\t<\/div>\n\t\t<div class=\"elementor-element elementor-element-ca84894 e-flex e-con-boxed e-con e-parent\" data-id=\"ca84894\" data-element_type=\"container\" data-e-type=\"container\" id=\"o-nas\" data-settings=\"{&quot;background_background&quot;:&quot;classic&quot;}\">\n\t\t\t\t\t<div class=\"e-con-inner\">\n\t\t<div class=\"elementor-element elementor-element-cc3f0e6 e-con-full e-flex elementor-invisible e-con e-child\" data-id=\"cc3f0e6\" data-element_type=\"container\" data-e-type=\"container\" data-settings=\"{&quot;animation&quot;:&quot;fadeInLeft&quot;}\">\n\t\t\t\t<div class=\"elementor-element elementor-element-8e811b9 elementor-widget elementor-widget-heading\" data-id=\"8e811b9\" data-element_type=\"widget\" data-e-type=\"widget\" data-widget_type=\"heading.default\">\n\t\t\t\t<div class=\"elementor-widget-container\">\n\t\t\t\t\t<h2 class=\"elementor-heading-title elementor-size-default\">O nas<\/h2>\t\t\t\t<\/div>\n\t\t\t\t<\/div>\n\t\t\t\t<div class=\"elementor-element elementor-element-58f911b elementor-widget elementor-widget-text-editor\" data-id=\"58f911b\" data-element_type=\"widget\" data-e-type=\"widget\" data-widget_type=\"text-editor.default\">\n\t\t\t\t<div class=\"elementor-widget-container\">\n\t\t\t\t\t\t\t\t\t<p>Jeste\u015bmy firm\u0105 transportow\u0105 MAT-MAT, specjalizuj\u0105c\u0105 si\u0119 w us\u0142ugach spedytorskich na terenie Europy. Nasza historia i do\u015bwiadczenie czyni\u0105 nas liderem w bran\u017cy.<\/p><p>Nasza misja to dostarczanie niezawodnych i profesjonalnych us\u0142ug transportowych, zawsze dopasowanych do Twoich potrzeb.<\/p><p>Dzia\u0142amy z pe\u0142nym zaanga\u017cowaniem, zapewniaj\u0105c bezpieczne, terminowe dostawy. Wybierz MAT-MAT dla profesjonalizmu i satysfakcji klienta.<\/p><p>Dowiedz si\u0119 wi\u0119cej o nas ju\u017c dzi\u015b!<\/p>\t\t\t\t\t\t\t\t<\/div>\n\t\t\t\t<\/div>\n\t\t\t\t<div class=\"elementor-element elementor-element-323ef9b elementor-widget elementor-widget-button\" data-id=\"323ef9b\" data-element_type=\"widget\" data-e-type=\"widget\" data-widget_type=\"button.default\">\n\t\t\t\t<div class=\"elementor-widget-container\">\n\t\t\t\t\t\t\t\t\t<div class=\"elementor-button-wrapper\">\n\t\t\t\t\t<a class=\"elementor-button elementor-button-link elementor-size-sm elementor-animation-grow\" href=\"#nasze-uslugi\">\n\t\t\t\t\t\t<span class=\"elementor-button-content-wrapper\">\n\t\t\t\t\t\t\t\t\t<span class=\"elementor-button-text\">Nasze us\u0142ugi<\/span>\n\t\t\t\t\t<\/span>\n\t\t\t\t\t<\/a>\n\t\t\t\t<\/div>\n\t\t\t\t\t\t\t\t<\/div>\n\t\t\t\t<\/div>\n\t\t\t\t<\/div>\n\t\t<div class=\"elementor-element elementor-element-4ec6ea9 e-con-full e-flex elementor-invisible e-con e-child\" data-id=\"4ec6ea9\" data-element_type=\"container\" data-e-type=\"container\" data-settings=\"{&quot;animation&quot;:&quot;fadeInRight&quot;}\">\n\t\t\t\t<div class=\"elementor-element elementor-element-ce151d8 elementor-widget elementor-widget-image\" data-id=\"ce151d8\" data-element_type=\"widget\" data-e-type=\"widget\" data-widget_type=\"image.default\">\n\t\t\t\t<div class=\"elementor-widget-container\">\n\t\t\t\t\t\t\t\t\t\t\t\t\t\t\t<img fetchpriority=\"high\" decoding=\"async\" width=\"561\" height=\"761\" src=\"https:\/\/mat-mat.eu\/wp-content\/uploads\/2023\/10\/cHJpdmF0ZS9sci9pbWFnZXMvd2Vic2l0ZS8yMDIzLTA5L3NtYWxsZGVzaWduY29tcGFueTAxX3Bob3RvX29mX3doaXRlX3RydWNrX2RlbGl2ZXJpbmdfZHJpdmVfZmFzdF81YTllNjNhNy0wYzhiLTQyNzUtOTUzMC00OGVlYmJmZDM0YzAtMDAyLWIuanBn-e1698422808346.webp\" class=\"attachment-large size-large wp-image-65\" alt=\"\" srcset=\"https:\/\/mat-mat.eu\/wp-content\/uploads\/2023\/10\/cHJpdmF0ZS9sci9pbWFnZXMvd2Vic2l0ZS8yMDIzLTA5L3NtYWxsZGVzaWduY29tcGFueTAxX3Bob3RvX29mX3doaXRlX3RydWNrX2RlbGl2ZXJpbmdfZHJpdmVfZmFzdF81YTllNjNhNy0wYzhiLTQyNzUtOTUzMC00OGVlYmJmZDM0YzAtMDAyLWIuanBn-e1698422808346.webp 561w, https:\/\/mat-mat.eu\/wp-content\/uploads\/2023\/10\/cHJpdmF0ZS9sci9pbWFnZXMvd2Vic2l0ZS8yMDIzLTA5L3NtYWxsZGVzaWduY29tcGFueTAxX3Bob3RvX29mX3doaXRlX3RydWNrX2RlbGl2ZXJpbmdfZHJpdmVfZmFzdF81YTllNjNhNy0wYzhiLTQyNzUtOTUzMC00OGVlYmJmZDM0YzAtMDAyLWIuanBn-e1698422808346-221x300.webp 221w\" sizes=\"(max-width: 561px) 100vw, 561px\" \/>\t\t\t\t\t\t\t\t\t\t\t\t\t\t\t<\/div>\n\t\t\t\t<\/div>\n\t\t\t\t<\/div>\n\t\t\t\t\t<\/div>\n\t\t\t\t<\/div>\n\t\t<div class=\"elementor-element elementor-element-f19ac03 e-flex e-con-boxed e-con e-parent\" data-id=\"f19ac03\" data-element_type=\"container\" data-e-type=\"container\" id=\"nasze-uslugi\" data-settings=\"{&quot;background_background&quot;:&quot;classic&quot;}\">\n\t\t\t\t\t<div class=\"e-con-inner\">\n\t\t<div class=\"elementor-element elementor-element-b232409 e-con-full e-flex elementor-invisible e-con e-child\" data-id=\"b232409\" data-element_type=\"container\" data-e-type=\"container\" data-settings=\"{&quot;animation&quot;:&quot;fadeIn&quot;}\">\n\t\t\t\t<div class=\"elementor-element elementor-element-580e800 elementor-widget elementor-widget-heading\" data-id=\"580e800\" data-element_type=\"widget\" data-e-type=\"widget\" data-widget_type=\"heading.default\">\n\t\t\t\t<div class=\"elementor-widget-container\">\n\t\t\t\t\t<h2 class=\"elementor-heading-title elementor-size-default\">Nasze Us\u0142ugi<\/h2>\t\t\t\t<\/div>\n\t\t\t\t<\/div>\n\t\t\t\t<\/div>\n\t\t<div class=\"elementor-element elementor-element-4d05247 e-con-full e-flex elementor-invisible e-con e-child\" data-id=\"4d05247\" data-element_type=\"container\" data-e-type=\"container\" data-settings=\"{&quot;animation&quot;:&quot;fadeIn&quot;}\">\n\t\t\t\t<div class=\"elementor-element elementor-element-c12ac30 elementor-widget__width-initial elementor-view-default elementor-position-block-start elementor-mobile-position-block-start elementor-widget elementor-widget-icon-box\" data-id=\"c12ac30\" data-element_type=\"widget\" data-e-type=\"widget\" data-widget_type=\"icon-box.default\">\n\t\t\t\t<div class=\"elementor-widget-container\">\n\t\t\t\t\t\t\t<div class=\"elementor-icon-box-wrapper\">\n\n\t\t\t\t\t\t<div class=\"elementor-icon-box-icon\">\n\t\t\t\t<span  class=\"elementor-icon\">\n\t\t\t\t<svg xmlns=\"http:\/\/www.w3.org\/2000\/svg\" xmlns:xlink=\"http:\/\/www.w3.org\/1999\/xlink\" id=\"Layer_1\" x=\"0px\" y=\"0px\" viewBox=\"0 0 500 500\" style=\"enable-background:new 0 0 500 500;\" xml:space=\"preserve\"><style type=\"text\/css\">\t.st0{fill:#E50808;}<\/style><g>\t<path class=\"st0\" d=\"M4.7,280.7c3.7-9.4,10.7-12.6,20.6-12.6c58.9,0.3,117.8,0.1,176.7,0.1c14.7,0,20.3,5.6,20.3,20.2  c0,2.4,0,4.7,0,7.6c2,0.1,3.6,0.3,5.3,0.3c8.3,0,16.6,0,24.9,0c6.8,0,12.8,2,17.8,6.9c20.6,20.5,41.2,41,62,61.2  c8.1,7.9,7.6,17.6,7.1,28.3c-111.7,0-223.2,0-334.6,0C4.7,355.5,4.7,318.1,4.7,280.7z M274.6,367.8c9.1,0,18.2,0.1,27.3-0.1  c1.9,0,3.8-1,5.6-1.5c-1-1.8-1.6-4-3.1-5.4c-13.5-13.1-27.4-25.8-40.7-39.2c-4.9-5-9.9-7.2-16.8-6.6c-4,0.3-5.7,1.3-5.6,5.5  c0.2,13.9,0.2,27.8,0,41.6c-0.1,4.1,1.3,5.7,5.5,5.7C256.1,367.7,265.3,367.8,274.6,367.8z\"><\/path>\t<path class=\"st0\" d=\"M4.7,401.5c2.1,0.1,4.1,0.2,6.2,0.2c107.3,0,214.6,0,321.9,0c2,0,4.1,0,6.8,0c0,6.6,0,12.8,0,18.9  c0,6.1,0.2,12.1-0.3,18.2c-0.6,8.2-6.2,13.9-14.4,14.7c-5.4,0.5-10.9,0.5-16.3,0.1c-1.3-0.1-3.1-2.3-3.5-3.9  c-3.7-13.6-11.7-23.5-24.4-29.6c-24.8-12-55.1,2.5-61.6,29.3c-0.3,1.4-0.8,2.7-1.3,4.2c-29.1,0-58.2,0-86.4,0  c-3-6.4-5-12.9-8.7-18.3c-10.6-15.4-25.7-21.9-44-18.6c-18.3,3.3-30.1,14.5-35,32.5c-1,3.6-2.4,5-6.1,4.6c-3.8-0.3-7.7-0.3-11.5,0  c-10,0.8-17.3-2.7-21.5-12.1C4.7,428.3,4.7,414.9,4.7,401.5z\"><\/path>\t<path class=\"st0\" d=\"M360.3,417.9c0-9.6-0.2-18.6,0.2-27.7c0.1-1.4,2.2-3.3,3.8-4.1c16.6-8.4,31.8-18.9,45.3-31.8  c1.1-1.1,2.5-1.9,4.9-3.7c-11.7-4.9-21.9-9.1-31.9-13.3c-7.1,14.1-13.9,27.7-20.5,40.7c-3.6-7.9-7-15.2-10.1-22.5  c-0.5-1.3-0.2-3.3,0.4-4.7c2.7-6.3,5.7-12.4,9-19.5c-11.4-2-22.2-4-33-5.5c-4.7-0.6-8.4-2.1-11.6-5.6c-5.5-6.1-11.5-11.9-17.8-18.3  c23.5,0.9,46,4.2,68.7,9.7c8-26.6,11.9-53.4,12.8-81.1c-29.4,0-58.5,0-88.2,0c0,21.4,0,42.6,0,63.9c-0.5,0.3-0.9,0.6-1.4,0.9  c-2-2.2-3.8-4.5-5.9-6.6c-1.9-1.9-3.9-4.3-6.3-5.1c-7.4-2.7-7.8-8.2-7.5-14.8c0.4-11,0.1-22,0.1-33c0-1.7,0-3.4,0-5.4  c-29.6,0-58.6,0-87.8,0c0,5.5,0,10.9,0,16.6c-6.5,0-13.1,0-20.3,0c-0.2-4.4-0.5-8.8-0.7-13.2c-0.1-2.5-0.8-3.7-3.6-3.7  c-20.1,0.1-40.2,0.1-60.4,0.1c-0.5,0-0.9,0.2-1.8,0.5c0.5,5.3,1.1,10.7,1.6,16.3c-9.3,0-18.5,0-27.7,0  C57.1,161.6,106.6,51.6,217.7,16.5c114.2-36.1,236.2,27.7,269.5,145.9C518.5,273.5,455.6,381.5,360.3,417.9z M292.6,139.5  c0,22.6,0,46.1,0,69.6c29.4,0,58.5,0,87.9,0c-0.9-27.7-4.8-54.5-12.4-79.7C342.6,132.8,317.7,136.1,292.6,139.5z M271.2,139.5  c-25.4-3.4-50.4-6.8-75.4-10.2c-6.8,21.2-13.5,64.9-12.1,79.8c29.1,0,58.2,0,87.5,0C271.2,185.4,271.2,162,271.2,139.5z   M135.9,105.7c-23.4,30.2-36.5,64.6-39.1,103.7c2,0,3.8,0,5.5,0c17.9,0,35.8,0,53.7,0c6.5,0,6.5,0,6.8-6.4  c1-25.3,4.5-50.2,11.2-74.6c0.6-2.1,1-4.2,1.4-6.1C162.1,116.8,149.4,111.4,135.9,105.7z M427.9,105.7  c-13.3,5.6-26.1,11.1-39.6,16.7c8.1,28.1,12.1,57.1,13.1,86.6c21.9,0,43.5,0,65.5,0C464.4,170.3,451.3,136.1,427.9,105.7z   M427.9,334c23.4-30.3,36.6-64.7,38.9-103.5c-22.2,0-43.7,0-65.4,0c-0.9,29.7-5.1,58.7-13.1,86.7C401.9,323,414.7,328.4,427.9,334z   M292.6,34.9c0,27.4,0,54.6,0,82.1c23.2-0.9,45.8-3.4,68.3-9c-1.6-3.8-3-7.3-4.6-10.8c-8.5-18.6-19-35.9-34.6-49.4  C313.6,40.6,305,33.7,292.6,34.9z M271,116.9c0-27.8,0-55,0-82.1c-8.1-0.7-14.7,2.1-20.8,6.4c-23.5,16.6-36.6,40.6-47.4,66.6  C225.3,113.5,247.9,116.1,271,116.9z M180.6,102.1c10.1-18.3,19.8-35.9,29.2-53c-21.7,9.1-41.7,22.1-59.6,40.4  C161.1,93.9,171.3,98.2,180.6,102.1z M383.1,102.1c9.4-3.9,19.6-8.2,30.5-12.7c-18-18.1-38-31.2-59.5-40.2  C363.4,66.1,373,83.6,383.1,102.1z\"><\/path>\t<path class=\"st0\" d=\"M261.9,493.6c-18.5-0.1-33.3-15.1-33.2-33.6c0.1-18.5,15.4-33.6,33.6-33.4c18.3,0.2,33.6,15.7,33.4,33.8  C295.4,478.9,280.4,493.7,261.9,493.6z M278.8,459.9c-0.1-9.3-7.5-16.5-16.9-16.5c-9.2,0.1-16.8,7.8-16.6,16.8  c0.1,9.1,8,16.8,17,16.6C271.5,476.8,278.9,469.2,278.8,459.9z\"><\/path>\t<path class=\"st0\" d=\"M119.9,460.2c0,18.5-14.9,33.4-33.4,33.4c-18.4,0-33.6-15.1-33.5-33.5c0-18.2,15.4-33.6,33.6-33.6  C104.9,426.6,119.9,441.7,119.9,460.2z M86.6,443.5c-9.3,0-16.7,7.3-16.8,16.6c0,9.3,7.4,16.8,16.6,16.9  c9.1,0.1,16.8-7.6,16.9-16.7C103.3,451.1,95.8,443.5,86.6,443.5z\"><\/path>\t<path class=\"st0\" d=\"M278.8,459.9c0.1,9.2-7.3,16.8-16.5,17c-9,0.2-16.9-7.5-17-16.6c-0.1-9.1,7.4-16.8,16.6-16.8  C271.3,443.4,278.7,450.7,278.8,459.9z\"><\/path>\t<path class=\"st0\" d=\"M86.6,443.5c9.2,0,16.8,7.6,16.7,16.7c-0.1,9.1-7.8,16.8-16.9,16.7c-9.2-0.1-16.6-7.6-16.6-16.9  C69.8,450.8,77.2,443.5,86.6,443.5z\"><\/path><\/g><\/svg>\t\t\t\t<\/span>\n\t\t\t<\/div>\n\t\t\t\n\t\t\t\t\t\t<div class=\"elementor-icon-box-content\">\n\n\t\t\t\t\t\t\t\t\t<h3 class=\"elementor-icon-box-title\">\n\t\t\t\t\t\t<span  >\n\t\t\t\t\t\t\tTransport <br>krajowy i mi\u0119dzynarodowy \t\t\t\t\t\t<\/span>\n\t\t\t\t\t<\/h3>\n\t\t\t\t\n\t\t\t\t\t\t\t\t\t<p class=\"elementor-icon-box-description\">\n\t\t\t\t\t\tOferujemy efektywne i niezawodne rozwi\u0105zania transportu, zar\u00f3wno dla przesy\u0142ek krajowych, jak i mi\u0119dzynarodowych. Zapewniamy bezpieczne dostarczenie towar\u00f3w na miejsce docelowe.\t\t\t\t\t<\/p>\n\t\t\t\t\n\t\t\t<\/div>\n\t\t\t\n\t\t<\/div>\n\t\t\t\t\t\t<\/div>\n\t\t\t\t<\/div>\n\t\t\t\t<div class=\"elementor-element elementor-element-e17fb88 elementor-widget__width-initial elementor-view-default elementor-position-block-start elementor-mobile-position-block-start elementor-widget elementor-widget-icon-box\" data-id=\"e17fb88\" data-element_type=\"widget\" data-e-type=\"widget\" data-widget_type=\"icon-box.default\">\n\t\t\t\t<div class=\"elementor-widget-container\">\n\t\t\t\t\t\t\t<div class=\"elementor-icon-box-wrapper\">\n\n\t\t\t\t\t\t<div class=\"elementor-icon-box-icon\">\n\t\t\t\t<span  class=\"elementor-icon\">\n\t\t\t\t<svg xmlns=\"http:\/\/www.w3.org\/2000\/svg\" xmlns:xlink=\"http:\/\/www.w3.org\/1999\/xlink\" id=\"Layer_1\" x=\"0px\" y=\"0px\" viewBox=\"0 0 490.6 339.7\" style=\"enable-background:new 0 0 490.6 339.7;\" xml:space=\"preserve\"><style type=\"text\/css\">\t.st0{fill:#E50808;}<\/style><g>\t<path class=\"st0\" d=\"M0,258c2.8-3.3,6.3-4.1,10.5-4.1C41.8,254,73,254,104.2,254c1.4,0,2.8,0,5.6,0c-10.4,10-16.5,21.2-18.8,34.7  c-1.6,0-3,0-4.4,0c-25.5,0-51-0.1-76.5,0.1c-4.4,0-7.8-0.9-10.1-4.9C0,275.3,0,266.7,0,258z\"><\/path>\t<path class=\"st0\" d=\"M137.1,233.2c-41.2,0-82.4,0-123.6,0c-8.4,0-10.4-2-10.4-10.4c0-66.4,0-132.8,0-199.2C3.1,8.3,11.3,0,26.4,0  c73.8,0,147.5,0,221.3,0C262.8,0,271,8.2,271,23.4c0,66.4,0,132.8,0,199.2c0,8.5-2,10.5-10.3,10.5  C219.5,233.2,178.3,233.2,137.1,233.2z M137.7,154.6c0,8.5,0,16.2,0,24c0,3.7,1.7,6.5,5.1,7.9c3.4,1.4,6.6,0.7,9.3-1.7  c0.8-0.7,1.6-1.6,2.4-2.3c17.8-17.8,35.7-35.6,53.5-53.5c6.8-6.8,6.8-10.4,0-17.3c-17.8-17.8-35.6-35.7-53.5-53.5  c-1-1-2-2.1-3.1-2.9c-5.5-4.1-12.9-1-13.5,5.9c-0.4,5.1-0.2,10.2-0.2,15.3c0,3.1,0,6.2,0,9.6c-2.6,0-4.4,0-6.1,0  c-19.6,0-39.2,0-58.9,0c-8.6,0-11.4,2.9-11.4,11.6c0,13.7,0,27.4,0,41.2c0,14.6,1.2,15.7,15.8,15.7  C97.1,154.6,117,154.6,137.7,154.6z\"><\/path>\t<path class=\"st0\" d=\"M427.7,288.7c-2.3-12.9-7.9-23.5-16.8-32.6c-20.7-20.9-57.6-21-78.3-0.1c-8.2,8.3-13.8,17.9-16.2,29.3  c-0.5,2.5-1.3,3.5-4,3.5c-36.2-0.1-72.5-0.1-109.3-0.1c-2.6-13.1-8.1-24.7-19.1-34.5c36.1,0,70.9,0,106.2,0  c0.1-2.5,0.3-4.5,0.3-6.5c0-61.9,0-123.9,0-185.8c0-1.9-0.1-3.8,0.1-5.7c0.7-7.9,5.7-13.3,13.6-13.4c23.3-0.1,46.6-0.4,69.9,0.4  c16.3,0.6,29.9,8.3,39.3,21.6c15.3,21.6,29.9,43.7,44.6,65.8c6.5,9.7,8.8,20.6,8.7,32.3c-0.1,28.3,0,56.5,0,84.8c0,1.9,0,3.8,0,6.4  c5.3,0,10.2-0.1,15.1,0c6.3,0.1,8.6,2.5,8.7,8.7c0.1,6.1,0.1,12.1,0,18.2c-0.1,4.9-2.6,7.6-7.3,7.7  C464.9,288.7,446.5,288.7,427.7,288.7z M372.2,141.7c13.4,0,26.8,0,40.2,0c3.5,0,6.8-0.2,8.6-3.8c1.8-3.5,0.1-6.4-1.9-9.2  c-10.1-14.3-20.3-28.6-30.2-43.1c-2.6-3.8-5.8-5.5-10.4-5.5c-15.6,0.1-31.3,0-46.9,0.1c-7.2,0-9.5,2.4-9.5,9.5c0,14,0,28.1,0,42.1  c0,7.7,2.2,9.9,10,10C345.4,141.8,358.8,141.7,372.2,141.7z\"><\/path>\t<path class=\"st0\" d=\"M371.9,339.7c-23.5,0.2-43-19.1-43.2-42.7c-0.1-23.4,19.4-42.9,42.9-42.9c23.5,0,43.1,19.6,42.9,43  C414.4,320.5,395.4,339.5,371.9,339.7z M393,297.1c0.1-11.8-9.2-21.4-21-21.7c-11.6-0.2-21.4,9.3-21.6,21  c-0.2,12,9.3,21.8,21.2,21.9C383.3,318.4,392.9,308.9,393,297.1z\"><\/path>\t<path class=\"st0\" d=\"M147.2,339.7c-23.6,0.2-42.9-19.1-43-42.7c0-23.6,19.2-42.9,42.8-42.9c23.4,0,42.5,19,42.7,42.5  C190,320.2,170.9,339.5,147.2,339.7z M147.2,318.4c11.6-0.1,21.4-9.9,21.3-21.5c0-11.6-9.8-21.4-21.4-21.4  c-11.8-0.1-21.7,9.9-21.5,21.7C125.7,308.8,135.5,318.4,147.2,318.4z\"><\/path><\/g><\/svg>\t\t\t\t<\/span>\n\t\t\t<\/div>\n\t\t\t\n\t\t\t\t\t\t<div class=\"elementor-icon-box-content\">\n\n\t\t\t\t\t\t\t\t\t<h3 class=\"elementor-icon-box-title\">\n\t\t\t\t\t\t<span  >\n\t\t\t\t\t\t\tLogistyka <br> transportu\t\t\t\t\t\t<\/span>\n\t\t\t\t\t<\/h3>\n\t\t\t\t\n\t\t\t\t\t\t\t\t\t<p class=\"elementor-icon-box-description\">\n\t\t\t\t\t\t\u015awiadczymy kompleksowe us\u0142ugi logistyczne, w tym zaplanowanie trasy, magazynowanie i dystrybucj\u0119, w celu zoptymalizowania \u0142a\u0144cucha dostaw i usprawnienia ca\u0142o\u015bciowego procesu.\t\t\t\t\t<\/p>\n\t\t\t\t\n\t\t\t<\/div>\n\t\t\t\n\t\t<\/div>\n\t\t\t\t\t\t<\/div>\n\t\t\t\t<\/div>\n\t\t\t\t<div class=\"elementor-element elementor-element-3dec9cd elementor-widget__width-initial elementor-view-default elementor-position-block-start elementor-mobile-position-block-start elementor-widget elementor-widget-icon-box\" data-id=\"3dec9cd\" data-element_type=\"widget\" data-e-type=\"widget\" data-widget_type=\"icon-box.default\">\n\t\t\t\t<div class=\"elementor-widget-container\">\n\t\t\t\t\t\t\t<div class=\"elementor-icon-box-wrapper\">\n\n\t\t\t\t\t\t<div class=\"elementor-icon-box-icon\">\n\t\t\t\t<span  class=\"elementor-icon\">\n\t\t\t\t<svg xmlns=\"http:\/\/www.w3.org\/2000\/svg\" xmlns:xlink=\"http:\/\/www.w3.org\/1999\/xlink\" id=\"Layer_1\" x=\"0px\" y=\"0px\" viewBox=\"0 0 500 500\" style=\"enable-background:new 0 0 500 500;\" xml:space=\"preserve\"><style type=\"text\/css\">\t.st0{fill:#E50808;}<\/style><g>\t<path class=\"st0\" d=\"M4.7,280.7c3.7-9.4,10.7-12.6,20.6-12.6c58.9,0.3,117.8,0.1,176.7,0.1c14.7,0,20.3,5.6,20.3,20.2  c0,2.4,0,4.7,0,7.6c2,0.1,3.6,0.3,5.3,0.3c8.3,0,16.6,0,24.9,0c6.8,0,12.8,2,17.8,6.9c20.6,20.5,41.2,41,62,61.2  c8.1,7.9,7.6,17.6,7.1,28.3c-111.7,0-223.2,0-334.6,0C4.7,355.5,4.7,318.1,4.7,280.7z M274.6,367.8c9.1,0,18.2,0.1,27.3-0.1  c1.9,0,3.8-1,5.6-1.5c-1-1.8-1.6-4-3.1-5.4c-13.5-13.1-27.4-25.8-40.7-39.2c-4.9-5-9.9-7.2-16.8-6.6c-4,0.3-5.7,1.3-5.6,5.5  c0.2,13.9,0.2,27.8,0,41.6c-0.1,4.1,1.3,5.7,5.5,5.7C256.1,367.7,265.3,367.8,274.6,367.8z\"><\/path>\t<path class=\"st0\" d=\"M4.7,401.5c2.1,0.1,4.1,0.2,6.2,0.2c107.3,0,214.6,0,321.9,0c2,0,4.1,0,6.8,0c0,6.6,0,12.8,0,18.9  c0,6.1,0.2,12.1-0.3,18.2c-0.6,8.2-6.2,13.9-14.4,14.7c-5.4,0.5-10.9,0.5-16.3,0.1c-1.3-0.1-3.1-2.3-3.5-3.9  c-3.7-13.6-11.7-23.5-24.4-29.6c-24.8-12-55.1,2.5-61.6,29.3c-0.3,1.4-0.8,2.7-1.3,4.2c-29.1,0-58.2,0-86.4,0  c-3-6.4-5-12.9-8.7-18.3c-10.6-15.4-25.7-21.9-44-18.6c-18.3,3.3-30.1,14.5-35,32.5c-1,3.6-2.4,5-6.1,4.6c-3.8-0.3-7.7-0.3-11.5,0  c-10,0.8-17.3-2.7-21.5-12.1C4.7,428.3,4.7,414.9,4.7,401.5z\"><\/path>\t<path class=\"st0\" d=\"M360.3,417.9c0-9.6-0.2-18.6,0.2-27.7c0.1-1.4,2.2-3.3,3.8-4.1c16.6-8.4,31.8-18.9,45.3-31.8  c1.1-1.1,2.5-1.9,4.9-3.7c-11.7-4.9-21.9-9.1-31.9-13.3c-7.1,14.1-13.9,27.7-20.5,40.7c-3.6-7.9-7-15.2-10.1-22.5  c-0.5-1.3-0.2-3.3,0.4-4.7c2.7-6.3,5.7-12.4,9-19.5c-11.4-2-22.2-4-33-5.5c-4.7-0.6-8.4-2.1-11.6-5.6c-5.5-6.1-11.5-11.9-17.8-18.3  c23.5,0.9,46,4.2,68.7,9.7c8-26.6,11.9-53.4,12.8-81.1c-29.4,0-58.5,0-88.2,0c0,21.4,0,42.6,0,63.9c-0.5,0.3-0.9,0.6-1.4,0.9  c-2-2.2-3.8-4.5-5.9-6.6c-1.9-1.9-3.9-4.3-6.3-5.1c-7.4-2.7-7.8-8.2-7.5-14.8c0.4-11,0.1-22,0.1-33c0-1.7,0-3.4,0-5.4  c-29.6,0-58.6,0-87.8,0c0,5.5,0,10.9,0,16.6c-6.5,0-13.1,0-20.3,0c-0.2-4.4-0.5-8.8-0.7-13.2c-0.1-2.5-0.8-3.7-3.6-3.7  c-20.1,0.1-40.2,0.1-60.4,0.1c-0.5,0-0.9,0.2-1.8,0.5c0.5,5.3,1.1,10.7,1.6,16.3c-9.3,0-18.5,0-27.7,0  C57.1,161.6,106.6,51.6,217.7,16.5c114.2-36.1,236.2,27.7,269.5,145.9C518.5,273.5,455.6,381.5,360.3,417.9z M292.6,139.5  c0,22.6,0,46.1,0,69.6c29.4,0,58.5,0,87.9,0c-0.9-27.7-4.8-54.5-12.4-79.7C342.6,132.8,317.7,136.1,292.6,139.5z M271.2,139.5  c-25.4-3.4-50.4-6.8-75.4-10.2c-6.8,21.2-13.5,64.9-12.1,79.8c29.1,0,58.2,0,87.5,0C271.2,185.4,271.2,162,271.2,139.5z   M135.9,105.7c-23.4,30.2-36.5,64.6-39.1,103.7c2,0,3.8,0,5.5,0c17.9,0,35.8,0,53.7,0c6.5,0,6.5,0,6.8-6.4  c1-25.3,4.5-50.2,11.2-74.6c0.6-2.1,1-4.2,1.4-6.1C162.1,116.8,149.4,111.4,135.9,105.7z M427.9,105.7  c-13.3,5.6-26.1,11.1-39.6,16.7c8.1,28.1,12.1,57.1,13.1,86.6c21.9,0,43.5,0,65.5,0C464.4,170.3,451.3,136.1,427.9,105.7z   M427.9,334c23.4-30.3,36.6-64.7,38.9-103.5c-22.2,0-43.7,0-65.4,0c-0.9,29.7-5.1,58.7-13.1,86.7C401.9,323,414.7,328.4,427.9,334z   M292.6,34.9c0,27.4,0,54.6,0,82.1c23.2-0.9,45.8-3.4,68.3-9c-1.6-3.8-3-7.3-4.6-10.8c-8.5-18.6-19-35.9-34.6-49.4  C313.6,40.6,305,33.7,292.6,34.9z M271,116.9c0-27.8,0-55,0-82.1c-8.1-0.7-14.7,2.1-20.8,6.4c-23.5,16.6-36.6,40.6-47.4,66.6  C225.3,113.5,247.9,116.1,271,116.9z M180.6,102.1c10.1-18.3,19.8-35.9,29.2-53c-21.7,9.1-41.7,22.1-59.6,40.4  C161.1,93.9,171.3,98.2,180.6,102.1z M383.1,102.1c9.4-3.9,19.6-8.2,30.5-12.7c-18-18.1-38-31.2-59.5-40.2  C363.4,66.1,373,83.6,383.1,102.1z\"><\/path>\t<path class=\"st0\" d=\"M261.9,493.6c-18.5-0.1-33.3-15.1-33.2-33.6c0.1-18.5,15.4-33.6,33.6-33.4c18.3,0.2,33.6,15.7,33.4,33.8  C295.4,478.9,280.4,493.7,261.9,493.6z M278.8,459.9c-0.1-9.3-7.5-16.5-16.9-16.5c-9.2,0.1-16.8,7.8-16.6,16.8  c0.1,9.1,8,16.8,17,16.6C271.5,476.8,278.9,469.2,278.8,459.9z\"><\/path>\t<path class=\"st0\" d=\"M119.9,460.2c0,18.5-14.9,33.4-33.4,33.4c-18.4,0-33.6-15.1-33.5-33.5c0-18.2,15.4-33.6,33.6-33.6  C104.9,426.6,119.9,441.7,119.9,460.2z M86.6,443.5c-9.3,0-16.7,7.3-16.8,16.6c0,9.3,7.4,16.8,16.6,16.9  c9.1,0.1,16.8-7.6,16.9-16.7C103.3,451.1,95.8,443.5,86.6,443.5z\"><\/path>\t<path class=\"st0\" d=\"M278.8,459.9c0.1,9.2-7.3,16.8-16.5,17c-9,0.2-16.9-7.5-17-16.6c-0.1-9.1,7.4-16.8,16.6-16.8  C271.3,443.4,278.7,450.7,278.8,459.9z\"><\/path>\t<path class=\"st0\" d=\"M86.6,443.5c9.2,0,16.8,7.6,16.7,16.7c-0.1,9.1-7.8,16.8-16.9,16.7c-9.2-0.1-16.6-7.6-16.6-16.9  C69.8,450.8,77.2,443.5,86.6,443.5z\"><\/path><\/g><\/svg>\t\t\t\t<\/span>\n\t\t\t<\/div>\n\t\t\t\n\t\t\t\t\t\t<div class=\"elementor-icon-box-content\">\n\n\t\t\t\t\t\t\t\t\t<h3 class=\"elementor-icon-box-title\">\n\t\t\t\t\t\t<span  >\n\t\t\t\t\t\t\tUs\u0142ugi <br> spedycji <br> samochodowej\t\t\t\t\t\t<\/span>\n\t\t\t\t\t<\/h3>\n\t\t\t\t\n\t\t\t\t\t\t\t\t\t<p class=\"elementor-icon-box-description\">\n\t\t\t\t\t\tSprostamy r\u00f3\u017cnorodnym potrzebom transportowym, pocz\u0105wszy od przesy\u0142ek drobnicowych (LTL) po przesy\u0142ki ca\u0142opojazdowe (FTL), bior\u0105c przy tym pod uwag\u0119 indywidualne potrzeby klienta - jeste\u015bmy elastyczni i dajemy gwarancj\u0119 zadowolenia. \n\n\n\n\n\n\t\t\t\t\t<\/p>\n\t\t\t\t\n\t\t\t<\/div>\n\t\t\t\n\t\t<\/div>\n\t\t\t\t\t\t<\/div>\n\t\t\t\t<\/div>\n\t\t\t\t<\/div>\n\t\t\t\t\t<\/div>\n\t\t\t\t<\/div>\n\t\t\t\t<\/div>\n\t\t","protected":false},"excerpt":{"rendered":"<p>MAT-MAT Transport Twoje Towary &#8211; Nasza Misja Popro\u015b o wycen\u0119 O nas Jeste\u015bmy firm\u0105 transportow\u0105 MAT-MAT, specjalizuj\u0105c\u0105 si\u0119 w us\u0142ugach spedytorskich na terenie Europy. Nasza historia i do\u015bwiadczenie czyni\u0105 nas liderem w bran\u017cy. Nasza misja to dostarczanie niezawodnych i profesjonalnych us\u0142ug transportowych, zawsze dopasowanych do Twoich potrzeb. Dzia\u0142amy z pe\u0142nym zaanga\u017cowaniem, zapewniaj\u0105c bezpieczne, terminowe dostawy. [&hellip;]<\/p>\n","protected":false},"author":1,"featured_media":0,"parent":0,"menu_order":0,"comment_status":"closed","ping_status":"closed","template":"elementor_header_footer","meta":{"footnotes":""},"class_list":["post-2","page","type-page","status-publish","hentry"],"_links":{"self":[{"href":"https:\/\/mat-mat.eu\/index.php\/wp-json\/wp\/v2\/pages\/2","targetHints":{"allow":["GET"]}}],"collection":[{"href":"https:\/\/mat-mat.eu\/index.php\/wp-json\/wp\/v2\/pages"}],"about":[{"href":"https:\/\/mat-mat.eu\/index.php\/wp-json\/wp\/v2\/types\/page"}],"author":[{"embeddable":true,"href":"https:\/\/mat-mat.eu\/index.php\/wp-json\/wp\/v2\/users\/1"}],"replies":[{"embeddable":true,"href":"https:\/\/mat-mat.eu\/index.php\/wp-json\/wp\/v2\/comments?post=2"}],"version-history":[{"count":103,"href":"https:\/\/mat-mat.eu\/index.php\/wp-json\/wp\/v2\/pages\/2\/revisions"}],"predecessor-version":[{"id":183,"href":"https:\/\/mat-mat.eu\/index.php\/wp-json\/wp\/v2\/pages\/2\/revisions\/183"}],"wp:attachment":[{"href":"https:\/\/mat-mat.eu\/index.php\/wp-json\/wp\/v2\/media?parent=2"}],"curies":[{"name":"wp","href":"https:\/\/api.w.org\/{rel}","templated":true}]}}